{"id":883,"date":"2024-02-27T10:56:11","date_gmt":"2024-02-27T15:56:11","guid":{"rendered":"https:\/\/campclaret.qc.ca\/politique-de-remboursement-et-annulation\/"},"modified":"2025-12-12T11:00:23","modified_gmt":"2025-12-12T16:00:23","slug":"pricing-and-reimbursement-policies","status":"publish","type":"page","link":"https:\/\/campclaret.qc.ca\/en\/pricing-and-reimbursement-policies\/","title":{"rendered":"Pricing and reimbursement policies"},"content":{"rendered":"\t<section class=\"banner alignwide \">\n\t\t\t\t<div class=\"banner__content\">\n\t\t\t<h1>Accessibility pricing and reimbursement policies<\/h1>\n\n\t\t\t\n\t\t\t\t\t\t\t<p>Pricing and possible discounts for families or children with special needs and our reimbursement policy<\/p>\n\t\t\t\t\t<\/div>\n\t<\/section>\n\n\n<section class=\"wave-separator alignwide\">\n\t<div class=\"wave-separator__section wave-separator__section--previous\" style=\"background-color: \"><\/div>\n\t<svg viewBox=\"0 0 1920 160\" xmlns=\"http:\/\/www.w3.org\/2000\/svg\" fill=\"none\">\n\t\t<path fill=\"#fff2d8\" d=\"M0 160V0c109.86 10.11 219.71 20.23 352 42.75 132.29 22.53 287 57.47 410.67 52.1 123.66-5.36 216.26-51.02 328-66.8 111.73-15.76 242.59-1.64 384-1.33 141.41.3 293.37-13.2 445.33-26.72v160H0Z\"\/>\n\t<\/svg>\n<\/section>\n\n\n\n<div class=\"is-layout-constrained wp-block-group alignfull ghostkit-custom-2s2fAw has-secondary-800-color has-primary-200-background-color has-text-color has-background\"><div class=\"wp-block-group__inner-container\">\n<div class=\"ghostkit-grid ghostkit-grid-gap-md\"><div class=\"ghostkit-grid-inner\">\n<div class=\"ghostkit-col ghostkit-col-12\"><div class=\"ghostkit-col-content\">\n<h2 id=\"pricing-policy-camp-claret-du-lac-elgin-2026\"><strong>Pricing policy &#8211; Camp Claret du lac Elgin 202<\/strong>6<\/h2>\n\n\n\n<p>There are three types of rates:<\/p>\n\n\n\n<p><strong>Standard rate:<\/strong>&nbsp;The basic rate for 6- or 12-day stays, as posted on the Camp Claret website and on Qidigo, our registration platform.&nbsp;<\/p>\n\n\n\n<p><strong>Family discount:<\/strong>&nbsp;As most of our clientele consists of brothers and sisters, we prefer to offer reasonable prices to all our campers. There is no discount for two children in the same family; however, from the 3rd child on, there is a discount of 10% starting at the child. <strong>This fee applies automatically when you register online.<\/strong><\/p>\n\n\n\n<p><strong>For our community : <\/strong>permanent resident from Stratford will automatically receive a 25% discount.<\/p>\n\n\n\n<p><strong><u>Reductions to facilitate accessibility:<\/u><\/strong> for inclusiveness and accessibility<\/p>\n\n\n\n<figure class=\"wp-block-table\"><table><tbody><tr><td><strong>Special rate facilitating access for a young person in need of individual support (with special needs)<\/strong><\/td><td><strong>Special rate to encourage access based on family incomes<\/strong><\/td><\/tr><tr><td>Discount&nbsp;: 25% off standard rate.<\/td><td>Discount&nbsp;: 25% off standard rate.<\/td><\/tr><tr><td>If your child requires additional supervision, we invite you to contact us before registering by filling out the form below.&nbsp;Our staff will contact you to schedule a meeting so that we can evaluate and plan your child&#8217;s stay to ensure that he or she achieves success, is well cared for and successfully integrates into his or her team during his or her stay at Camp Claret. Our experienced team will ensure a positive, quality experience for all our campers, including those with special needs.<\/td><td>The procedure for accessing this reduction is as follows:&nbsp;&#8211; Make sure you have proof of income (last notice of assessment, notice of allowance or claim booklet).- Complete the application form below.- Once we&#8217;ve assessed your request, we&#8217;ll get back to you within days with a decision on your application and proceed with registration.- It is also possible to obtain an additional discount through various organizations or foundations.&nbsp;&nbsp;<\/td><\/tr><tr><td><strong>Discount form to complete :&nbsp;<\/strong><a href=\"https:\/\/forms.office.com\/r\/5LHbW7eXDS\">https:\/\/forms.office.com\/r\/5LHbW7eXDS<\/a><\/td><td><strong>Discount form to complete&nbsp;:&nbsp;<\/strong><a href=\"https:\/\/forms.office.com\/r\/Znb7ekLPWZ\">https:\/\/forms.office.com\/r\/Znb7ekLPWZ<\/a><\/td><\/tr><\/tbody><\/table><\/figure>\n\n\n\n<figure class=\"wp-block-image size-large\"><img decoding=\"async\" loading=\"lazy\" width=\"1024\" height=\"220\" src=\"https:\/\/campclaret.qc.ca\/wp-content\/uploads\/2025\/12\/seuils-faible-revenu-2026-anglais-1024x220.jpeg\" alt=\"\" class=\"wp-image-2850\" srcset=\"https:\/\/campclaret.qc.ca\/wp-content\/uploads\/2025\/12\/seuils-faible-revenu-2026-anglais-1024x220.jpeg 1024w, https:\/\/campclaret.qc.ca\/wp-content\/uploads\/2025\/12\/seuils-faible-revenu-2026-anglais-300x64.jpeg 300w, https:\/\/campclaret.qc.ca\/wp-content\/uploads\/2025\/12\/seuils-faible-revenu-2026-anglais-768x165.jpeg 768w, https:\/\/campclaret.qc.ca\/wp-content\/uploads\/2025\/12\/seuils-faible-revenu-2026-anglais-1536x329.jpeg 1536w, https:\/\/campclaret.qc.ca\/wp-content\/uploads\/2025\/12\/seuils-faible-revenu-2026-anglais-2048x439.jpeg 2048w, https:\/\/campclaret.qc.ca\/wp-content\/uploads\/2025\/12\/seuils-faible-revenu-2026-anglais-1200x257.jpeg 1200w, https:\/\/campclaret.qc.ca\/wp-content\/uploads\/2025\/12\/seuils-faible-revenu-2026-anglais-1980x425.jpeg 1980w\" sizes=\"(max-width: 1024px) 100vw, 1024px\" \/><figcaption class=\"wp-element-caption\">Table of Low-Income Thresholds for Summer 2026 to be Used under the Financial Assistance Program for Accessibility to Vacation Camps (PAFACV)<\/figcaption><\/figure>\n\n\n\n<p>As part of the PAFACV program (Programme d&#8217;assistance financi\u00e8re \u00e0 l&#8217;accessibilit\u00e9 aux camps de vacances) subsidized by the Minist\u00e8re de l&#8217;\u00c9ducation, du Loisir et du Sport (MELS), less affluent families who, without this program, would not be able to afford a vacation away from home during the summer.<\/p>\n\n\n\n<h2 id=\"reimbursement-policy\">Reimbursement policy<\/h2>\n\n\n\n<p>Upon cancellation, it is important to contact the office. The fees are fully refundable, prior to 24 hours of the beginning of the stay.<\/p>\n\n\n\n<p>If a child has to leave the camp during his or her stay, the cost of the session fees for the days following departure will be reimbursed.<\/p>\n\n\n\n<p><\/p>\n\n\n\n<p><\/p>\n<\/div><\/div>\n<\/div><\/div>\n<\/div><\/div>\n","protected":false},"excerpt":{"rendered":"<p>Pricing policy &#8211; Camp Claret du lac Elgin 2026 There are three types of rates: Standard rate:&nbsp;The basic rate for 6- or 12-day stays, as posted on the Camp Claret website and on Qidigo, our registration platform.&nbsp; Family discount:&nbsp;As most of our clientele consists of brothers and sisters, we prefer to offer reasonable prices to [&hellip;]<\/p>\n","protected":false},"author":1,"featured_media":0,"parent":0,"menu_order":0,"comment_status":"closed","ping_status":"closed","template":"","meta":{"jsforwpblocks_gb_metabox":"","inline_featured_image":false,"ghostkit_customizer_options":"","ghostkit_custom_css":"","ghostkit_custom_js_head":"","ghostkit_custom_js_foot":"","ghostkit_typography":""},"acf":[],"yoast_head":"<!-- This site is optimized with the Yoast SEO plugin v20.4 - https:\/\/yoast.com\/wordpress\/plugins\/seo\/ -->\n<title>Camp Claret - Pricing and reimbursement policies<\/title>\n<meta name=\"description\" content=\"Refund, cancellation policy\" \/>\n<meta name=\"robots\" content=\"index, follow, max-snippet:-1, max-image-preview:large, max-video-preview:-1\" \/>\n<link rel=\"canonical\" href=\"https:\/\/campclaret.qc.ca\/en\/pricing-and-reimbursement-policies\/\" \/>\n<meta property=\"og:type\" content=\"article\" \/>\n<meta property=\"og:title\" content=\"Camp Claret - Pricing and reimbursement policies\" \/>\n<meta property=\"og:description\" content=\"Refund, cancellation policy\" \/>\n<meta property=\"og:url\" content=\"https:\/\/campclaret.qc.ca\/en\/pricing-and-reimbursement-policies\/\" \/>\n<meta property=\"og:site_name\" content=\"Camp Claret\" \/>\n<meta property=\"article:modified_time\" content=\"2025-12-12T16:00:23+00:00\" \/>\n<meta property=\"og:image\" content=\"https:\/\/campclaret.qc.ca\/wp-content\/uploads\/2025\/12\/seuils-faible-revenu-2026-anglais-1024x220.jpeg\" \/>\n<meta name=\"twitter:card\" content=\"summary_large_image\" \/>\n<meta name=\"twitter:label1\" content=\"Est. reading time\" \/>\n\t<meta name=\"twitter:data1\" content=\"3 minutes\" \/>\n<script type=\"application\/ld+json\" class=\"yoast-schema-graph\">{\"@context\":\"https:\/\/schema.org\",\"@graph\":[{\"@type\":\"WebPage\",\"@id\":\"https:\/\/campclaret.qc.ca\/en\/pricing-and-reimbursement-policies\/\",\"url\":\"https:\/\/campclaret.qc.ca\/en\/pricing-and-reimbursement-policies\/\",\"name\":\"Camp Claret - Pricing and reimbursement policies\",\"isPartOf\":{\"@id\":\"https:\/\/campclaret.qc.ca\/#website\"},\"datePublished\":\"2024-02-27T15:56:11+00:00\",\"dateModified\":\"2025-12-12T16:00:23+00:00\",\"description\":\"Refund, cancellation policy\",\"breadcrumb\":{\"@id\":\"https:\/\/campclaret.qc.ca\/en\/pricing-and-reimbursement-policies\/#breadcrumb\"},\"inLanguage\":\"en-CA\",\"potentialAction\":[{\"@type\":\"ReadAction\",\"target\":[\"https:\/\/campclaret.qc.ca\/en\/pricing-and-reimbursement-policies\/\"]}]},{\"@type\":\"BreadcrumbList\",\"@id\":\"https:\/\/campclaret.qc.ca\/en\/pricing-and-reimbursement-policies\/#breadcrumb\",\"itemListElement\":[{\"@type\":\"ListItem\",\"position\":1,\"name\":\"Home\",\"item\":\"https:\/\/campclaret.qc.ca\/en\/\"},{\"@type\":\"ListItem\",\"position\":2,\"name\":\"Pricing and reimbursement policies\"}]},{\"@type\":\"WebSite\",\"@id\":\"https:\/\/campclaret.qc.ca\/#website\",\"url\":\"https:\/\/campclaret.qc.ca\/\",\"name\":\"Camp Claret\",\"description\":\"\",\"publisher\":{\"@id\":\"https:\/\/campclaret.qc.ca\/#organization\"},\"potentialAction\":[{\"@type\":\"SearchAction\",\"target\":{\"@type\":\"EntryPoint\",\"urlTemplate\":\"https:\/\/campclaret.qc.ca\/?s={search_term_string}\"},\"query-input\":\"required name=search_term_string\"}],\"inLanguage\":\"en-CA\"},{\"@type\":\"Organization\",\"@id\":\"https:\/\/campclaret.qc.ca\/#organization\",\"name\":\"Camp Claret\",\"url\":\"https:\/\/campclaret.qc.ca\/\",\"logo\":{\"@type\":\"ImageObject\",\"inLanguage\":\"en-CA\",\"@id\":\"https:\/\/campclaret.qc.ca\/#\/schema\/logo\/image\/\",\"url\":\"https:\/\/campclaret.qc.ca\/wp-content\/uploads\/2025\/12\/cropped-campclaret_logo_jaune-e1764948661759.png\",\"contentUrl\":\"https:\/\/campclaret.qc.ca\/wp-content\/uploads\/2025\/12\/cropped-campclaret_logo_jaune-e1764948661759.png\",\"width\":246,\"height\":214,\"caption\":\"Camp Claret\"},\"image\":{\"@id\":\"https:\/\/campclaret.qc.ca\/#\/schema\/logo\/image\/\"}}]}<\/script>\n<!-- \/ Yoast SEO plugin. -->","yoast_head_json":{"title":"Camp Claret - Pricing and reimbursement policies","description":"Refund, cancellation policy","robots":{"index":"index","follow":"follow","max-snippet":"max-snippet:-1","max-image-preview":"max-image-preview:large","max-video-preview":"max-video-preview:-1"},"canonical":"https:\/\/campclaret.qc.ca\/en\/pricing-and-reimbursement-policies\/","og_type":"article","og_title":"Camp Claret - Pricing and reimbursement policies","og_description":"Refund, cancellation policy","og_url":"https:\/\/campclaret.qc.ca\/en\/pricing-and-reimbursement-policies\/","og_site_name":"Camp Claret","article_modified_time":"2025-12-12T16:00:23+00:00","og_image":[{"url":"https:\/\/campclaret.qc.ca\/wp-content\/uploads\/2025\/12\/seuils-faible-revenu-2026-anglais-1024x220.jpeg"}],"twitter_card":"summary_large_image","twitter_misc":{"Est. reading time":"3 minutes"},"schema":{"@context":"https:\/\/schema.org","@graph":[{"@type":"WebPage","@id":"https:\/\/campclaret.qc.ca\/en\/pricing-and-reimbursement-policies\/","url":"https:\/\/campclaret.qc.ca\/en\/pricing-and-reimbursement-policies\/","name":"Camp Claret - Pricing and reimbursement policies","isPartOf":{"@id":"https:\/\/campclaret.qc.ca\/#website"},"datePublished":"2024-02-27T15:56:11+00:00","dateModified":"2025-12-12T16:00:23+00:00","description":"Refund, cancellation policy","breadcrumb":{"@id":"https:\/\/campclaret.qc.ca\/en\/pricing-and-reimbursement-policies\/#breadcrumb"},"inLanguage":"en-CA","potentialAction":[{"@type":"ReadAction","target":["https:\/\/campclaret.qc.ca\/en\/pricing-and-reimbursement-policies\/"]}]},{"@type":"BreadcrumbList","@id":"https:\/\/campclaret.qc.ca\/en\/pricing-and-reimbursement-policies\/#breadcrumb","itemListElement":[{"@type":"ListItem","position":1,"name":"Home","item":"https:\/\/campclaret.qc.ca\/en\/"},{"@type":"ListItem","position":2,"name":"Pricing and reimbursement policies"}]},{"@type":"WebSite","@id":"https:\/\/campclaret.qc.ca\/#website","url":"https:\/\/campclaret.qc.ca\/","name":"Camp Claret","description":"","publisher":{"@id":"https:\/\/campclaret.qc.ca\/#organization"},"potentialAction":[{"@type":"SearchAction","target":{"@type":"EntryPoint","urlTemplate":"https:\/\/campclaret.qc.ca\/?s={search_term_string}"},"query-input":"required name=search_term_string"}],"inLanguage":"en-CA"},{"@type":"Organization","@id":"https:\/\/campclaret.qc.ca\/#organization","name":"Camp Claret","url":"https:\/\/campclaret.qc.ca\/","logo":{"@type":"ImageObject","inLanguage":"en-CA","@id":"https:\/\/campclaret.qc.ca\/#\/schema\/logo\/image\/","url":"https:\/\/campclaret.qc.ca\/wp-content\/uploads\/2025\/12\/cropped-campclaret_logo_jaune-e1764948661759.png","contentUrl":"https:\/\/campclaret.qc.ca\/wp-content\/uploads\/2025\/12\/cropped-campclaret_logo_jaune-e1764948661759.png","width":246,"height":214,"caption":"Camp Claret"},"image":{"@id":"https:\/\/campclaret.qc.ca\/#\/schema\/logo\/image\/"}}]}},"_links":{"self":[{"href":"https:\/\/campclaret.qc.ca\/en\/wp-json\/wp\/v2\/pages\/883"}],"collection":[{"href":"https:\/\/campclaret.qc.ca\/en\/wp-json\/wp\/v2\/pages"}],"about":[{"href":"https:\/\/campclaret.qc.ca\/en\/wp-json\/wp\/v2\/types\/page"}],"author":[{"embeddable":true,"href":"https:\/\/campclaret.qc.ca\/en\/wp-json\/wp\/v2\/users\/1"}],"replies":[{"embeddable":true,"href":"https:\/\/campclaret.qc.ca\/en\/wp-json\/wp\/v2\/comments?post=883"}],"version-history":[{"count":20,"href":"https:\/\/campclaret.qc.ca\/en\/wp-json\/wp\/v2\/pages\/883\/revisions"}],"predecessor-version":[{"id":2852,"href":"https:\/\/campclaret.qc.ca\/en\/wp-json\/wp\/v2\/pages\/883\/revisions\/2852"}],"wp:attachment":[{"href":"https:\/\/campclaret.qc.ca\/en\/wp-json\/wp\/v2\/media?parent=883"}],"curies":[{"name":"wp","href":"https:\/\/api.w.org\/{rel}","templated":true}]}}